{"id":1192,"date":"2025-05-15T21:04:27","date_gmt":"2025-05-15T18:04:27","guid":{"rendered":"https:\/\/seinajokiralli.fi\/2025\/?page_id=1192"},"modified":"2025-08-21T20:34:20","modified_gmt":"2025-08-21T17:34:20","slug":"infoa-kilpailijoille","status":"publish","type":"page","link":"https:\/\/seinajokiralli.fi\/en\/infoa-kilpailijoille\/","title":{"rendered":"Info to Competitors"},"content":{"rendered":"<style>.kb-row-layout-id1192_973ed7-f2 > .kt-row-column-wrap{align-content:start;}:where(.kb-row-layout-id1192_973ed7-f2 > .kt-row-column-wrap) > .wp-block-kadence-column{justify-content:start;}.kb-row-layout-id1192_973ed7-f2 > .kt-row-column-wrap{column-gap:var(--global-kb-gap-md, 2rem);row-gap:var(--global-kb-gap-md, 2rem);max-width:700px;margin-left:auto;margin-right:auto;padding-top:187px;padding-right:0px;padding-bottom:223px;padding-left:0px;grid-template-columns:minmax(0, 1fr);}.kb-row-layout-id1192_973ed7-f2{background-image:url('https:\/\/seinajokiralli.fi\/2025\/wp-content\/uploads\/2025\/04\/Seinajoki-Ralli-etusivu3.jpg');background-size:cover;background-position:center center;background-attachment:fixed;background-repeat:no-repeat;}.kb-row-layout-id1192_973ed7-f2 > .kt-row-layout-overlay{opacity:0.90;background-color:var(--global-palette3, #1A202C);mix-blend-mode:multiply;}@media all and (max-width: 1024px), only screen and (min-device-width: 1024px) and (max-device-width: 1366px) and (-webkit-min-device-pixel-ratio: 2) and (hover: none){.kb-row-layout-id1192_973ed7-f2{background-attachment:scroll;}}@media all and (max-width: 1024px){.kb-row-layout-id1192_973ed7-f2 > .kt-row-column-wrap{grid-template-columns:minmax(0, 1fr);}}@media all and (max-width: 767px){.kb-row-layout-id1192_973ed7-f2 > .kt-row-column-wrap{grid-template-columns:minmax(0, 1fr);}}.kb-row-layout-id1192_973ed7-f2 .about-img-format {    width: 400px;    position: absolute;    top: -37px;    left: -215px;    z-index: -1;}<\/style><div class=\"kb-row-layout-wrap kb-row-layout-id1192_973ed7-f2 alignnone kt-row-has-bg kt-jarallax wp-block-kadence-rowlayout\" data-img-position=\"center center\" data-img-size=\"cover\"><div class=\"kt-row-layout-overlay kt-row-overlay-normal\"><\/div><div class=\"kt-row-column-wrap kt-has-1-columns kt-row-layout-equal kt-tab-layout-inherit kt-mobile-layout-row kt-row-valign-top\">\n<style>.kadence-column1192_cd6547-df > .kt-inside-inner-col{padding-top:10px;padding-right:10px;padding-bottom:10px;padding-left:10px;}.kadence-column1192_cd6547-df > .kt-inside-inner-col,.kadence-column1192_cd6547-df > .kt-inside-inner-col:before{border-top-left-radius:0px;border-top-right-radius:0px;border-bottom-right-radius:0px;border-bottom-left-radius:0px;}.kadence-column1192_cd6547-df > .kt-inside-inner-col{column-gap:var(--global-kb-gap-sm, 1rem);}.kadence-column1192_cd6547-df > .kt-inside-inner-col{flex-direction:column;}.kadence-column1192_cd6547-df > .kt-inside-inner-col > .aligncenter{width:100%;}.kadence-column1192_cd6547-df > .kt-inside-inner-col:before{opacity:0.3;}.kadence-column1192_cd6547-df{position:relative;}@media all and (max-width: 1024px){.kadence-column1192_cd6547-df > .kt-inside-inner-col{flex-direction:column;justify-content:center;}}@media all and (max-width: 767px){.kadence-column1192_cd6547-df > .kt-inside-inner-col{flex-direction:column;justify-content:center;}}<\/style>\n<div class=\"wp-block-kadence-column kadence-column1192_cd6547-df inner-column-1\"><div class=\"kt-inside-inner-col\"><style>.kb-row-layout-id1192_7090c1-f4 > .kt-row-column-wrap{align-content:start;}:where(.kb-row-layout-id1192_7090c1-f4 > .kt-row-column-wrap) > .wp-block-kadence-column{justify-content:start;}.kb-row-layout-id1192_7090c1-f4 > .kt-row-column-wrap{column-gap:var(--global-kb-gap-md, 2rem);row-gap:var(--global-kb-gap-md, 2rem);max-width:1230px;margin-left:auto;margin-right:auto;padding-top:0px;padding-right:0px;padding-bottom:0px;padding-left:0px;grid-template-columns:minmax(0, 1fr);}.kb-row-layout-id1192_7090c1-f4 > .kt-row-layout-overlay{opacity:0.30;}@media all and (max-width: 1024px){.kb-row-layout-id1192_7090c1-f4 > .kt-row-column-wrap{grid-template-columns:minmax(0, 1fr);}}@media all and (max-width: 767px){.kb-row-layout-id1192_7090c1-f4 > .kt-row-column-wrap{grid-template-columns:minmax(0, 1fr);}}<\/style><div class=\"kb-row-layout-wrap kb-row-layout-id1192_7090c1-f4 alignnone wp-block-kadence-rowlayout\"><div class=\"kt-row-column-wrap kt-has-1-columns kt-row-layout-equal kt-tab-layout-inherit kt-mobile-layout-row kt-row-valign-top\">\n<style>.kadence-column1192_91e70e-00 > .kt-inside-inner-col{padding-top:0px;padding-right:0px;padding-bottom:0px;padding-left:0px;}.kadence-column1192_91e70e-00 > .kt-inside-inner-col,.kadence-column1192_91e70e-00 > .kt-inside-inner-col:before{border-top-left-radius:0px;border-top-right-radius:0px;border-bottom-right-radius:0px;border-bottom-left-radius:0px;}.kadence-column1192_91e70e-00 > .kt-inside-inner-col{column-gap:var(--global-kb-gap-sm, 1rem);}.kadence-column1192_91e70e-00 > .kt-inside-inner-col{flex-direction:column;}.kadence-column1192_91e70e-00 > .kt-inside-inner-col > .aligncenter{width:100%;}.kadence-column1192_91e70e-00 > .kt-inside-inner-col:before{opacity:0.3;}.kadence-column1192_91e70e-00{position:relative;}@media all and (max-width: 1024px){.kadence-column1192_91e70e-00 > .kt-inside-inner-col{flex-direction:column;justify-content:center;}}@media all and (max-width: 767px){.kadence-column1192_91e70e-00 > .kt-inside-inner-col{flex-direction:column;justify-content:center;}}<\/style>\n<div class=\"wp-block-kadence-column kadence-column1192_91e70e-00 inner-column-1\"><div class=\"kt-inside-inner-col\"><style>.wp-block-kadence-advancedheading.kt-adv-heading1192_58dd60-44, .wp-block-kadence-advancedheading.kt-adv-heading1192_58dd60-44[data-kb-block=\"kb-adv-heading1192_58dd60-44\"]{margin-top:0px;margin-right:0px;margin-bottom:62.5px;margin-left:0px;text-align:center;font-size:5em;line-height:1em;font-weight:700;font-style:normal;text-transform:none;letter-spacing:0px;}.wp-block-kadence-advancedheading.kt-adv-heading1192_58dd60-44 mark.kt-highlight, .wp-block-kadence-advancedheading.kt-adv-heading1192_58dd60-44[data-kb-block=\"kb-adv-heading1192_58dd60-44\"] mark.kt-highlight{font-style:normal;color:#f76a0c;-webkit-box-decoration-break:clone;box-decoration-break:clone;padding-top:0px;padding-right:0px;padding-bottom:0px;padding-left:0px;}.wp-block-kadence-advancedheading.kt-adv-heading1192_58dd60-44 img.kb-inline-image, .wp-block-kadence-advancedheading.kt-adv-heading1192_58dd60-44[data-kb-block=\"kb-adv-heading1192_58dd60-44\"] img.kb-inline-image{width:150px;vertical-align:baseline;}@media all and (max-width: 1024px){.wp-block-kadence-advancedheading.kt-adv-heading1192_58dd60-44, .wp-block-kadence-advancedheading.kt-adv-heading1192_58dd60-44[data-kb-block=\"kb-adv-heading1192_58dd60-44\"]{margin-top:10px;margin-bottom:52.5px;font-size:5em;}}@media all and (max-width: 767px){.wp-block-kadence-advancedheading.kt-adv-heading1192_58dd60-44, .wp-block-kadence-advancedheading.kt-adv-heading1192_58dd60-44[data-kb-block=\"kb-adv-heading1192_58dd60-44\"]{margin-top:0px;margin-bottom:62.5px;font-size:3em;}}<\/style>\n<h1 class=\"kt-adv-heading1192_58dd60-44 wp-block-kadence-advancedheading has-theme-palette-9-color has-text-color\" data-kb-block=\"kb-adv-heading1192_58dd60-44\">Info to Competitors<\/h1>\n\n\n\n<div class=\"wp-block-buttons is-content-justification-center is-layout-flex wp-container-core-buttons-is-layout-16018d1d wp-block-buttons-is-layout-flex\">\n<div class=\"wp-block-button\"><a class=\"wp-block-button__link wp-element-button\" href=\"https:\/\/seinajokiralli.fi\/en\/infoa-kilpailijoille\/ilmoitustaulu\/\">Official notice board<\/a><\/div>\n<\/div>\n<\/div><\/div>\n\n<\/div><\/div><\/div><\/div>\n\n<\/div><\/div>\n\n<style>.kb-row-layout-wrap.wp-block-kadence-rowlayout.kb-row-layout-id1293_360f97-d4{margin-bottom:0px;}.kb-row-layout-id1293_360f97-d4 > .kt-row-column-wrap{align-content:start;}:where(.kb-row-layout-id1293_360f97-d4 > .kt-row-column-wrap) > .wp-block-kadence-column{justify-content:start;}.kb-row-layout-id1293_360f97-d4 > .kt-row-column-wrap{column-gap:var(--global-kb-gap-none, 0rem );row-gap:var(--global-kb-gap-none, 0rem );max-width:var( --global-content-width, 1290px );padding-left:var(--global-content-edge-padding);padding-right:var(--global-content-edge-padding);padding-top:0px;padding-bottom:0px;grid-template-columns:minmax(0, calc(30% - ((var(--global-kb-gap-none, 0rem ) * 1 )\/2)))minmax(0, calc(70% - ((var(--global-kb-gap-none, 0rem ) * 1 )\/2)));}.kb-row-layout-id1293_360f97-d4{background-image:url('https:\/\/seinajokiralli.fi\/2025\/wp-content\/uploads\/2025\/04\/reittitausta.jpg');background-size:cover;background-position:50% 48%;background-attachment:scroll;background-repeat:no-repeat;}.kb-row-layout-id1293_360f97-d4 > .kt-row-layout-overlay{opacity:0.00;}@media all and (max-width: 1024px){.kb-row-layout-id1293_360f97-d4 > .kt-row-column-wrap{padding-top:var(--global-kb-spacing-md, 2rem);padding-bottom:var(--global-kb-spacing-md, 2rem);grid-template-columns:minmax(0, 1fr);}}@media all and (max-width: 767px){.kb-row-layout-id1293_360f97-d4 > .kt-row-column-wrap{grid-template-columns:minmax(0, 1fr);}}<\/style><div class=\"kb-row-layout-wrap kb-row-layout-id1293_360f97-d4 alignfull has-theme-palette3-background-color kt-row-has-bg wp-block-kadence-rowlayout\"><div class=\"kt-row-column-wrap kt-has-2-columns kt-row-layout-equal kt-tab-layout-row kt-mobile-layout-row kt-row-valign-top kb-theme-content-width\">\n<style>.kadence-column1293_6d4d2e-05 > .kt-inside-inner-col,.kadence-column1293_6d4d2e-05 > .kt-inside-inner-col:before{border-top-left-radius:0px;border-top-right-radius:0px;border-bottom-right-radius:0px;border-bottom-left-radius:0px;}.kadence-column1293_6d4d2e-05 > .kt-inside-inner-col{column-gap:var(--global-kb-gap-sm, 1rem);}.kadence-column1293_6d4d2e-05 > .kt-inside-inner-col{flex-direction:column;}.kadence-column1293_6d4d2e-05 > .kt-inside-inner-col > .aligncenter{width:100%;}.kadence-column1293_6d4d2e-05 > .kt-inside-inner-col:before{opacity:0.3;}.kadence-column1293_6d4d2e-05{position:relative;}@media all and (max-width: 1024px){.kadence-column1293_6d4d2e-05 > .kt-inside-inner-col{flex-direction:column;justify-content:center;}}@media all and (max-width: 767px){.kadence-column1293_6d4d2e-05 > .kt-inside-inner-col{flex-direction:column;justify-content:center;}}<\/style>\n<div class=\"wp-block-kadence-column kadence-column1293_6d4d2e-05\"><div class=\"kt-inside-inner-col\"><\/div><\/div>\n\n\n<style>.kadence-column1293_e26add-18 > .kt-inside-inner-col{padding-top:var(--global-kb-spacing-xl, 4rem);padding-right:var(--global-kb-spacing-xl, 4rem);padding-bottom:var(--global-kb-spacing-xl, 4rem);padding-left:var(--global-kb-spacing-xl, 4rem);}.kadence-column1293_e26add-18 > .kt-inside-inner-col,.kadence-column1293_e26add-18 > .kt-inside-inner-col:before{border-top-left-radius:0px;border-top-right-radius:0px;border-bottom-right-radius:0px;border-bottom-left-radius:0px;}.kadence-column1293_e26add-18 > .kt-inside-inner-col{column-gap:var(--global-kb-gap-sm, 1rem);}.kadence-column1293_e26add-18 > .kt-inside-inner-col{flex-direction:column;}.kadence-column1293_e26add-18 > .kt-inside-inner-col > .aligncenter{width:100%;}.kadence-column1293_e26add-18 > .kt-inside-inner-col{background-color:var(--global-palette4, #2D3748);}.kadence-column1293_e26add-18 > .kt-inside-inner-col:before{opacity:0.3;}.kadence-column1293_e26add-18{position:relative;}.kadence-column1293_e26add-18, .kt-inside-inner-col > .kadence-column1293_e26add-18:not(.specificity){margin-bottom:0px;}@media all and (max-width: 1024px){.kadence-column1293_e26add-18 > .kt-inside-inner-col{flex-direction:column;justify-content:center;}}@media all and (max-width: 767px){.kadence-column1293_e26add-18 > .kt-inside-inner-col{padding-top:var(--global-kb-spacing-md, 2rem);padding-right:var(--global-kb-spacing-md, 2rem);padding-bottom:var(--global-kb-spacing-md, 2rem);padding-left:var(--global-kb-spacing-md, 2rem);flex-direction:column;justify-content:center;}}<\/style>\n<div class=\"wp-block-kadence-column kadence-column1293_e26add-18 kb-section-dir-vertical inner-column-2\"><div class=\"kt-inside-inner-col\"><style>.wp-block-kadence-advancedheading.kt-adv-heading1293_fea5b9-fe, .wp-block-kadence-advancedheading.kt-adv-heading1293_fea5b9-fe[data-kb-block=\"kb-adv-heading1293_fea5b9-fe\"]{max-width:1200px;margin-bottom:var(--global-kb-spacing-md, 2rem);font-style:normal;text-transform:none;}.wp-block-kadence-advancedheading.kt-adv-heading1293_fea5b9-fe mark.kt-highlight, .wp-block-kadence-advancedheading.kt-adv-heading1293_fea5b9-fe[data-kb-block=\"kb-adv-heading1293_fea5b9-fe\"] mark.kt-highlight{font-style:normal;color:#f76a0c;-webkit-box-decoration-break:clone;box-decoration-break:clone;padding-top:0px;padding-right:0px;padding-bottom:0px;padding-left:0px;}.wp-block-kadence-advancedheading.kt-adv-heading1293_fea5b9-fe img.kb-inline-image, .wp-block-kadence-advancedheading.kt-adv-heading1293_fea5b9-fe[data-kb-block=\"kb-adv-heading1293_fea5b9-fe\"] img.kb-inline-image{width:150px;vertical-align:baseline;}<\/style>\n<p class=\"kt-adv-heading1293_fea5b9-fe wp-block-kadence-advancedheading has-theme-palette-9-color has-text-color\" data-kb-block=\"kb-adv-heading1293_fea5b9-fe\"><strong>Rally HQ and service park of SM Sein\u00e4joki Ralli 2025 will be located at Rengastien Autotarvike in Sein\u00e4joki (address Rengastie 21-28).<\/strong><br><br>On Friday 26.9.2025 the rally will start near the service park from 19:01. During the evening, three special stages will be driven in the direction of Ylistaro. Approximately 32 special stage kilometers will be driven.<br>Day one ends in the area of Autotarvike with the evening service at the service park from where the rally cars will be taken to the Parc Ferme for the night.<br>\u00a0<br>Saturday 27.9.2025 starts with morning service approximately at 9:15 in the area of Autotarvike. <br>Lauantain seremoniallinen l\u00e4ht\u00f6 on Sein\u00e4joen Keskustorilla, alkaen klo 10:01.<br>The morning loop heads towards Kurikka including three special stages with a total length of approximately 40 kilometers.<br>After the morning loop, the cars will return back to Autotarvike in Sein\u00e4joki for regroup and service at around 12:45.<br>\u00a0<br>Following the service, the day continues to the direction of Jalasj\u00e4rvi where two special stages including approximately 41 kilometers in total will be driven.<br>The rally ends after a second regroup with the Power Stage. The Power Stage is approximately 3,5 kilometers and driven in the area of Routakallio in Sein\u00e4joki.<br>At the finish area of the Routakallio special stage, a family-friendly event will be organized offering activities and experiences for all ages. Also the prize-giving ceremony of the rally will happen in Routakallio.<\/p>\n\n\n\n<p>Rally HQ and service park of SM Sein\u00e4joki Ralli 2025 will be located at Rengastien Autotarvike in Sein\u00e4joki (address Rengastie 21-28).<\/p>\n<\/div><\/div>\n\n<\/div><\/div>","protected":false},"excerpt":{"rendered":"<p>Info to Competitors<\/p>","protected":false},"author":1,"featured_media":0,"parent":0,"menu_order":0,"comment_status":"closed","ping_status":"closed","template":"","meta":{"_kad_blocks_custom_css":"","_kad_blocks_head_custom_js":"","_kad_blocks_body_custom_js":"","_kad_blocks_footer_custom_js":"","_kadence_starter_templates_imported_post":false,"_kad_post_transparent":"","_kad_post_title":"hide","_kad_post_layout":"fullwidth","_kad_post_sidebar_id":"","_kad_post_content_style":"unboxed","_kad_post_vertical_padding":"hide","_kad_post_feature":"default","_kad_post_feature_position":"","_kad_post_header":false,"_kad_post_footer":false,"footnotes":""},"class_list":["post-1192","page","type-page","status-publish","hentry"],"yoast_head":"<!-- This site is optimized with the Yoast SEO plugin v25.7 - https:\/\/yoast.com\/wordpress\/plugins\/seo\/ -->\n<title>Infoa kilpailijoille - Sein\u00e4joki Ralli<\/title>\n<meta name=\"robots\" content=\"index, follow, max-snippet:-1, max-image-preview:large, max-video-preview:-1\" \/>\n<link rel=\"canonical\" href=\"https:\/\/seinajokiralli.fi\/en\/infoa-kilpailijoille\/\" \/>\n<meta property=\"og:locale\" content=\"en_US\" \/>\n<meta property=\"og:type\" content=\"article\" \/>\n<meta property=\"og:title\" content=\"Infoa kilpailijoille - Sein\u00e4joki Ralli\" \/>\n<meta property=\"og:description\" content=\"Info kilpailijoille\" \/>\n<meta property=\"og:url\" content=\"https:\/\/seinajokiralli.fi\/en\/infoa-kilpailijoille\/\" \/>\n<meta property=\"og:site_name\" content=\"Sein\u00e4joki Ralli\" \/>\n<meta property=\"article:publisher\" content=\"https:\/\/www.facebook.com\/profile.php?id=61576414034779\" \/>\n<meta property=\"article:modified_time\" content=\"2025-08-21T17:34:20+00:00\" \/>\n<meta name=\"twitter:card\" content=\"summary_large_image\" \/>\n<meta name=\"twitter:label1\" content=\"Est. reading time\" \/>\n\t<meta name=\"twitter:data1\" content=\"1 minute\" \/>\n<script type=\"application\/ld+json\" class=\"yoast-schema-graph\">{\"@context\":\"https:\/\/schema.org\",\"@graph\":[{\"@type\":\"WebPage\",\"@id\":\"https:\/\/seinajokiralli.fi\/infoa-kilpailijoille\/\",\"url\":\"https:\/\/seinajokiralli.fi\/infoa-kilpailijoille\/\",\"name\":\"Infoa kilpailijoille - Sein\u00e4joki Ralli\",\"isPartOf\":{\"@id\":\"https:\/\/seinajokiralli.fi\/#website\"},\"datePublished\":\"2025-05-15T18:04:27+00:00\",\"dateModified\":\"2025-08-21T17:34:20+00:00\",\"breadcrumb\":{\"@id\":\"https:\/\/seinajokiralli.fi\/infoa-kilpailijoille\/#breadcrumb\"},\"inLanguage\":\"en-US\",\"potentialAction\":[{\"@type\":\"ReadAction\",\"target\":[\"https:\/\/seinajokiralli.fi\/infoa-kilpailijoille\/\"]}]},{\"@type\":\"BreadcrumbList\",\"@id\":\"https:\/\/seinajokiralli.fi\/infoa-kilpailijoille\/#breadcrumb\",\"itemListElement\":[{\"@type\":\"ListItem\",\"position\":1,\"name\":\"Etusivu\",\"item\":\"https:\/\/seinajokiralli.fi\/\"},{\"@type\":\"ListItem\",\"position\":2,\"name\":\"Infoa kilpailijoille\"}]},{\"@type\":\"WebSite\",\"@id\":\"https:\/\/seinajokiralli.fi\/#website\",\"url\":\"https:\/\/seinajokiralli.fi\/\",\"name\":\"Sein\u00e4joki Ralli\",\"description\":\"\",\"publisher\":{\"@id\":\"https:\/\/seinajokiralli.fi\/#organization\"},\"potentialAction\":[{\"@type\":\"SearchAction\",\"target\":{\"@type\":\"EntryPoint\",\"urlTemplate\":\"https:\/\/seinajokiralli.fi\/?s={search_term_string}\"},\"query-input\":{\"@type\":\"PropertyValueSpecification\",\"valueRequired\":true,\"valueName\":\"search_term_string\"}}],\"inLanguage\":\"en-US\"},{\"@type\":\"Organization\",\"@id\":\"https:\/\/seinajokiralli.fi\/#organization\",\"name\":\"Sein\u00e4joki Ralli\",\"url\":\"https:\/\/seinajokiralli.fi\/\",\"logo\":{\"@type\":\"ImageObject\",\"inLanguage\":\"en-US\",\"@id\":\"https:\/\/seinajokiralli.fi\/#\/schema\/logo\/image\/\",\"url\":\"https:\/\/seinajokiralli.fi\/2025\/wp-content\/uploads\/2025\/04\/cropped-Seinajoki-Ralli-sin-logo-pvm.png\",\"contentUrl\":\"https:\/\/seinajokiralli.fi\/2025\/wp-content\/uploads\/2025\/04\/cropped-Seinajoki-Ralli-sin-logo-pvm.png\",\"width\":887,\"height\":886,\"caption\":\"Sein\u00e4joki Ralli\"},\"image\":{\"@id\":\"https:\/\/seinajokiralli.fi\/#\/schema\/logo\/image\/\"},\"sameAs\":[\"https:\/\/www.facebook.com\/profile.php?id=61576414034779\",\"https:\/\/www.instagram.com\/smseinajokiralli\/\"]}]}<\/script>\n<!-- \/ Yoast SEO plugin. -->","yoast_head_json":{"title":"Infoa kilpailijoille - Sein\u00e4joki Ralli","robots":{"index":"index","follow":"follow","max-snippet":"max-snippet:-1","max-image-preview":"max-image-preview:large","max-video-preview":"max-video-preview:-1"},"canonical":"https:\/\/seinajokiralli.fi\/en\/infoa-kilpailijoille\/","og_locale":"en_US","og_type":"article","og_title":"Infoa kilpailijoille - Sein\u00e4joki Ralli","og_description":"Info kilpailijoille","og_url":"https:\/\/seinajokiralli.fi\/en\/infoa-kilpailijoille\/","og_site_name":"Sein\u00e4joki Ralli","article_publisher":"https:\/\/www.facebook.com\/profile.php?id=61576414034779","article_modified_time":"2025-08-21T17:34:20+00:00","twitter_card":"summary_large_image","twitter_misc":{"Est. reading time":"1 minute"},"schema":{"@context":"https:\/\/schema.org","@graph":[{"@type":"WebPage","@id":"https:\/\/seinajokiralli.fi\/infoa-kilpailijoille\/","url":"https:\/\/seinajokiralli.fi\/infoa-kilpailijoille\/","name":"Infoa kilpailijoille - Sein\u00e4joki Ralli","isPartOf":{"@id":"https:\/\/seinajokiralli.fi\/#website"},"datePublished":"2025-05-15T18:04:27+00:00","dateModified":"2025-08-21T17:34:20+00:00","breadcrumb":{"@id":"https:\/\/seinajokiralli.fi\/infoa-kilpailijoille\/#breadcrumb"},"inLanguage":"en-US","potentialAction":[{"@type":"ReadAction","target":["https:\/\/seinajokiralli.fi\/infoa-kilpailijoille\/"]}]},{"@type":"BreadcrumbList","@id":"https:\/\/seinajokiralli.fi\/infoa-kilpailijoille\/#breadcrumb","itemListElement":[{"@type":"ListItem","position":1,"name":"Etusivu","item":"https:\/\/seinajokiralli.fi\/"},{"@type":"ListItem","position":2,"name":"Infoa kilpailijoille"}]},{"@type":"WebSite","@id":"https:\/\/seinajokiralli.fi\/#website","url":"https:\/\/seinajokiralli.fi\/","name":"Sein\u00e4joki Ralli","description":"","publisher":{"@id":"https:\/\/seinajokiralli.fi\/#organization"},"potentialAction":[{"@type":"SearchAction","target":{"@type":"EntryPoint","urlTemplate":"https:\/\/seinajokiralli.fi\/?s={search_term_string}"},"query-input":{"@type":"PropertyValueSpecification","valueRequired":true,"valueName":"search_term_string"}}],"inLanguage":"en-US"},{"@type":"Organization","@id":"https:\/\/seinajokiralli.fi\/#organization","name":"Sein\u00e4joki Ralli","url":"https:\/\/seinajokiralli.fi\/","logo":{"@type":"ImageObject","inLanguage":"en-US","@id":"https:\/\/seinajokiralli.fi\/#\/schema\/logo\/image\/","url":"https:\/\/seinajokiralli.fi\/2025\/wp-content\/uploads\/2025\/04\/cropped-Seinajoki-Ralli-sin-logo-pvm.png","contentUrl":"https:\/\/seinajokiralli.fi\/2025\/wp-content\/uploads\/2025\/04\/cropped-Seinajoki-Ralli-sin-logo-pvm.png","width":887,"height":886,"caption":"Sein\u00e4joki Ralli"},"image":{"@id":"https:\/\/seinajokiralli.fi\/#\/schema\/logo\/image\/"},"sameAs":["https:\/\/www.facebook.com\/profile.php?id=61576414034779","https:\/\/www.instagram.com\/smseinajokiralli\/"]}]}},"taxonomy_info":[],"featured_image_src_large":false,"author_info":{"display_name":"Sein\u00e4joki Ralli","author_link":"https:\/\/seinajokiralli.fi\/en\/author\/seirally0704\/"},"comment_info":0,"_links":{"self":[{"href":"https:\/\/seinajokiralli.fi\/en\/wp-json\/wp\/v2\/pages\/1192","targetHints":{"allow":["GET"]}}],"collection":[{"href":"https:\/\/seinajokiralli.fi\/en\/wp-json\/wp\/v2\/pages"}],"about":[{"href":"https:\/\/seinajokiralli.fi\/en\/wp-json\/wp\/v2\/types\/page"}],"author":[{"embeddable":true,"href":"https:\/\/seinajokiralli.fi\/en\/wp-json\/wp\/v2\/users\/1"}],"replies":[{"embeddable":true,"href":"https:\/\/seinajokiralli.fi\/en\/wp-json\/wp\/v2\/comments?post=1192"}],"version-history":[{"count":0,"href":"https:\/\/seinajokiralli.fi\/en\/wp-json\/wp\/v2\/pages\/1192\/revisions"}],"wp:attachment":[{"href":"https:\/\/seinajokiralli.fi\/en\/wp-json\/wp\/v2\/media?parent=1192"}],"curies":[{"name":"wp","href":"https:\/\/api.w.org\/{rel}","templated":true}]}}